{"id":857,"date":"2017-02-06T10:28:28","date_gmt":"2017-02-06T09:28:28","guid":{"rendered":"http:\/\/devomanagementag.ch\/?page_id=857"},"modified":"2022-01-14T10:36:33","modified_gmt":"2022-01-14T09:36:33","slug":"whatsjob","status":"publish","type":"page","link":"https:\/\/bewerben.devomanagementag.ch\/?page_id=857","title":{"rendered":"OFFERTE ANFRAGEN"},"content":{"rendered":"<p>[vc_row][vc_column][vc_column_text]Sie ben\u00f6tigen qualifizierte Mitarbeiter in den Bereichen Chemie\/Pharma, Industrie\/Technik, Kaufm\u00e4nnische Berufe oder Medizin\/Pflege und m\u00f6chten wissen, ob DEVO Management AG einen guten Kandidaten f\u00fcr Sie hat?<\/p>\n<p>Dann w\u00fcrden wir gerne mit Ihnen das Anforderungsprofil besprechen und Ihnen ein Angebot unterbreiten.[\/vc_column_text][vc_separator color=&#187;white&#187;][vc_column_text]<div role=\"form\" class=\"wpcf7\" id=\"wpcf7-f891-o1\" lang=\"en-US\" dir=\"ltr\">\n<div class=\"screen-reader-response\"><p role=\"status\" aria-live=\"polite\" aria-atomic=\"true\"><\/p> <ul><\/ul><\/div>\n<form action=\"\/index.php?rest_route=%2Fwp%2Fv2%2Fpages%2F857#wpcf7-f891-o1\" method=\"post\" class=\"wpcf7-form init\" enctype=\"multipart\/form-data\" novalidate=\"novalidate\" data-status=\"init\">\n<div style=\"display: none;\">\n<input type=\"hidden\" name=\"_wpcf7\" value=\"891\" \/>\n<input type=\"hidden\" name=\"_wpcf7_version\" value=\"5.6.3\" \/>\n<input type=\"hidden\" name=\"_wpcf7_locale\" value=\"en_US\" \/>\n<input type=\"hidden\" name=\"_wpcf7_unit_tag\" value=\"wpcf7-f891-o1\" \/>\n<input type=\"hidden\" name=\"_wpcf7_container_post\" value=\"0\" \/>\n<input type=\"hidden\" name=\"_wpcf7_posted_data_hash\" value=\"\" \/>\n<\/div>\n<div class=\"sc_form_fields\">\n<label> Name:<br \/>\n<span class=\"wpcf7-form-control-wrap\" data-name=\"your-name\"><input type=\"text\" name=\"your-name\" value=\"\" size=\"40\" class=\"wpcf7-form-control wpcf7-text wpcf7-validates-as-required\" aria-required=\"true\" aria-invalid=\"false\" \/><\/span> <\/label><\/p>\n<p><label> Firma:<br \/>\n<span class=\"wpcf7-form-control-wrap\" data-name=\"ausbildung\"><input type=\"text\" name=\"ausbildung\" value=\"\" size=\"40\" class=\"wpcf7-form-control wpcf7-text wpcf7-validates-as-required\" aria-required=\"true\" aria-invalid=\"false\" \/><\/span> <\/label><\/p>\n<p><label> Offerte f\u00fcr:<br \/>\n<span class=\"wpcf7-form-control-wrap\" data-name=\"offertenname\"><input type=\"text\" name=\"offertenname\" value=\"\" size=\"40\" class=\"wpcf7-form-control wpcf7-text wpcf7-validates-as-required\" aria-required=\"true\" aria-invalid=\"false\" \/><\/span> <\/label><\/p>\n<p><label> Telefon:<br \/>\n<span class=\"wpcf7-form-control-wrap\" data-name=\"tel-650\"><input type=\"tel\" name=\"tel-650\" value=\"\" size=\"40\" class=\"wpcf7-form-control wpcf7-text wpcf7-tel wpcf7-validates-as-tel\" aria-invalid=\"false\" \/><\/span><\/label><\/p>\n<p><label> E-Mail:<br \/>\n<span class=\"wpcf7-form-control-wrap\" data-name=\"your-email\"><input type=\"email\" name=\"your-email\" value=\"\" size=\"40\" class=\"wpcf7-form-control wpcf7-text wpcf7-email wpcf7-validates-as-required wpcf7-validates-as-email\" aria-required=\"true\" aria-invalid=\"false\" \/><\/span> <\/label><\/p>\n<p><label>Bemerkungen:<br \/>\n<span class=\"wpcf7-form-control-wrap\" data-name=\"bemerkungen\"><input type=\"text\" name=\"bemerkungen\" value=\"\" size=\"40\" class=\"wpcf7-form-control wpcf7-text wpcf7-validates-as-required\" aria-required=\"true\" aria-invalid=\"false\" \/><\/span><\/label><\/p>\n<p><label> <span class=\"wpcf7-form-control-wrap\" data-name=\"file-576\"><input type=\"file\" name=\"file-576\" size=\"40\" class=\"wpcf7-form-control wpcf7-file wpcf7-validates-as-required\" accept=\".pdf,.doc,.docx,.png,.jpg,.jpeg\" aria-required=\"true\" aria-invalid=\"false\" \/><\/span> <\/label><\/p>\n<div class=\"sc_form_field sc_form_field_button\"><input type=\"submit\" value=\"Senden\" class=\"wpcf7-form-control has-spinner wpcf7-submit\" \/> <\/div>\n<\/div>\n<div class=\"wpcf7-response-output\" aria-hidden=\"true\"><\/div><\/form><\/div>[\/vc_column_text][\/vc_column][\/vc_row]<\/p>\n","protected":false},"excerpt":{"rendered":"<p>[vc_row][vc_column][vc_column_text]Sie ben\u00f6tigen qualifizierte Mitarbeiter in den Bereichen Chemie\/Pharma, Industrie\/Technik, Kaufm\u00e4nnische Berufe oder Medizin\/Pflege und m\u00f6chten wissen, ob DEVO Management AG einen guten Kandidaten f\u00fcr Sie hat? Dann w\u00fcrden wir gerne mit Ihnen das Anforderungsprofil besprechen und Ihnen ein Angebot unterbreiten.[\/vc_column_text][vc_separator color=&#187;white&#187;][vc_column_text][\/vc_column_text][\/vc_column][\/vc_row]<\/p>\n","protected":false},"author":1,"featured_media":0,"parent":0,"menu_order":0,"comment_status":"closed","ping_status":"closed","template":"","meta":[],"_links":{"self":[{"href":"https:\/\/bewerben.devomanagementag.ch\/index.php?rest_route=\/wp\/v2\/pages\/857"}],"collection":[{"href":"https:\/\/bewerben.devomanagementag.ch\/index.php?rest_route=\/wp\/v2\/pages"}],"about":[{"href":"https:\/\/bewerben.devomanagementag.ch\/index.php?rest_route=\/wp\/v2\/types\/page"}],"author":[{"embeddable":true,"href":"https:\/\/bewerben.devomanagementag.ch\/index.php?rest_route=\/wp\/v2\/users\/1"}],"replies":[{"embeddable":true,"href":"https:\/\/bewerben.devomanagementag.ch\/index.php?rest_route=%2Fwp%2Fv2%2Fcomments&post=857"}],"version-history":[{"count":10,"href":"https:\/\/bewerben.devomanagementag.ch\/index.php?rest_route=\/wp\/v2\/pages\/857\/revisions"}],"predecessor-version":[{"id":1229,"href":"https:\/\/bewerben.devomanagementag.ch\/index.php?rest_route=\/wp\/v2\/pages\/857\/revisions\/1229"}],"wp:attachment":[{"href":"https:\/\/bewerben.devomanagementag.ch\/index.php?rest_route=%2Fwp%2Fv2%2Fmedia&parent=857"}],"curies":[{"name":"wp","href":"https:\/\/api.w.org\/{rel}","templated":true}]}}