{"id":354,"date":"2016-06-28T09:49:06","date_gmt":"2016-06-28T09:49:06","guid":{"rendered":"http:\/\/devomanagementag.ch\/?page_id=354"},"modified":"2022-01-14T10:44:35","modified_gmt":"2022-01-14T09:44:35","slug":"home-1","status":"publish","type":"page","link":"https:\/\/bewerben.devomanagementag.ch\/","title":{"rendered":"Home 1"},"content":{"rendered":"<p>[vc_row full_width=&#187;stretch_row&#187; fullwidth=&#187;&#187; el_class=&#187;bg_gradient&#187; css=&#187;.vc_custom_1537121309164{background-color: #ffffff !important;}&#187;][vc_column][vc_column_text]\n\t\t\t<!-- START Home 1 REVOLUTION SLIDER 6.1.3 --><p class=\"rs-p-wp-fix\"><\/p>\n\t\t\t<rs-module-wrap id=\"rev_slider_1_1_wrapper\" data-source=\"gallery\" style=\"background:transparent;padding:;margin:0px auto;margin-top:0;margin-bottom:0;max-width:\">\n\t\t\t\t<rs-module id=\"rev_slider_1_1\" style=\"display:none;\" data-version=\"6.1.3\">\n\t\t\t\t\t<rs-slides>\n\t\t\t\t\t\t<rs-slide data-key=\"rs-1\" data-title=\"Slide\" data-anim=\"ei:d;eo:d;s:600;r:0;t:fade;sl:d;\" data-hal=\"1\">\n\t\t\t\t\t\t\t<img src=\"\/\/devomanagementag.ch\/wp-content\/uploads\/2018\/03\/IMG_1584.jpg\" title=\"Home 1\" data-bg=\"p:left center;\" class=\"rev-slidebg\" data-no-retina>\n<!--\n\t\t\t\t\t\t\t--><rs-layer\n\t\t\t\t\t\t\t\tid=\"slider-1-slide-1-layer-1\" \n\t\t\t\t\t\t\t\tdata-type=\"text\"\n\t\t\t\t\t\t\t\tdata-color=\"rgba(255,255,255,1)\"\n\t\t\t\t\t\t\t\tdata-rsp_ch=\"on\"\n\t\t\t\t\t\t\t\tdata-xy=\"x:130px;y:120px;\"\n\t\t\t\t\t\t\t\tdata-text=\"s:50;l:18;\"\n\t\t\t\t\t\t\t\tdata-dim=\"w:1022;h:20;\"\n\t\t\t\t\t\t\t\tdata-frame_0=\"y:top;o:1;tp:600;\"\n\t\t\t\t\t\t\t\tdata-frame_1=\"tp:600;e:Power2.easeInOut;st:1200;sp:700;sR:1200;\"\n\t\t\t\t\t\t\t\tdata-frame_999=\"o:0;tp:600;e:nothing;st:w;sR:7100;\"\n\t\t\t\t\t\t\t\tstyle=\"z-index:9;font-family:Fira Sans;text-transform:uppercase;\"\n\t\t\t\t\t\t\t>\u00b7 Bauhauptgewerbe <br \/><br \/><br \/>\n\n\u00b7 Industrie\/Technik<br \/><br \/><br \/>\n\n\u00b7 Kaufm\u00e4nnische Berufe<br \/><br \/><br \/> \n\t\t\t\t\t\t\t<\/rs-layer><!--\n\n\t\t\t\t\t\t\t--><rs-layer\n\t\t\t\t\t\t\t\tid=\"slider-1-slide-1-layer-3\" \n\t\t\t\t\t\t\t\tdata-type=\"text\"\n\t\t\t\t\t\t\t\tdata-color=\"rgba(255,255,255,1)\"\n\t\t\t\t\t\t\t\tdata-rsp_ch=\"on\"\n\t\t\t\t\t\t\t\tdata-xy=\"x:131px;y:378px;\"\n\t\t\t\t\t\t\t\tdata-text=\"s:13;l:62;\"\n\t\t\t\t\t\t\t\tdata-actions='o:click;a:simplelink;target:_self;url:https:\/\/bewerben.devomanagementag.ch\/?page_id=1121;'\n\t\t\t\t\t\t\t\tdata-padding=\"r:50;l:50;\"\n\t\t\t\t\t\t\t\tdata-frame_0=\"y:50px;tp:600;\"\n\t\t\t\t\t\t\t\tdata-frame_1=\"tp:600;e:Power2.easeInOut;st:1700;sp:700;sR:1700;\"\n\t\t\t\t\t\t\t\tdata-frame_999=\"o:0;tp:600;e:nothing;st:w;sR:6600;\"\n\t\t\t\t\t\t\t\tdata-frame_hover=\"bor:0px,0px,0px,0px;oX:50;oY:50;\"\n\t\t\t\t\t\t\t\tstyle=\"z-index:10;font-family:Carnas Light;text-transform:uppercase;cursor:pointer;background:linear-gradient(to right,#035a95 0%,#0498bd 100%);\"\n\t\t\t\t\t\t\t>JETZT BEWERBEN \n\t\t\t\t\t\t\t<\/rs-layer><!--\n\n\t\t\t\t\t\t\t--><rs-layer\n\t\t\t\t\t\t\t\tid=\"slider-1-slide-1-layer-5\" \n\t\t\t\t\t\t\t\tdata-type=\"text\"\n\t\t\t\t\t\t\t\tdata-color=\"rgba(255,255,255,1)\"\n\t\t\t\t\t\t\t\tdata-rsp_ch=\"on\"\n\t\t\t\t\t\t\t\tdata-xy=\"x:362px;y:378px;\"\n\t\t\t\t\t\t\t\tdata-text=\"s:13;l:62;\"\n\t\t\t\t\t\t\t\tdata-actions='o:click;a:simplelink;target:_self;url:http:\/\/devomanagementag.ch\/?page_id=857;'\n\t\t\t\t\t\t\t\tdata-padding=\"r:50;l:50;\"\n\t\t\t\t\t\t\t\tdata-frame_0=\"y:50px;tp:600;\"\n\t\t\t\t\t\t\t\tdata-frame_1=\"tp:600;e:Power2.easeInOut;st:1700;sp:700;sR:1700;\"\n\t\t\t\t\t\t\t\tdata-frame_999=\"o:0;tp:600;e:nothing;st:w;sR:6600;\"\n\t\t\t\t\t\t\t\tdata-frame_hover=\"bor:0px,0px,0px,0px;oX:50;oY:50;\"\n\t\t\t\t\t\t\t\tstyle=\"z-index:11;font-family:Carnas Light;text-transform:uppercase;cursor:pointer;background:linear-gradient(to right,#035a95 0%,#0498bd 100%);\"\n\t\t\t\t\t\t\t>OFFERTE ANFRAGEN \n\t\t\t\t\t\t\t<\/rs-layer><!--\n\n\t\t\t\t\t\t\t--><rs-layer\n\t\t\t\t\t\t\t\tid=\"slider-1-slide-1-layer-6\" \n\t\t\t\t\t\t\t\tdata-type=\"image\"\n\t\t\t\t\t\t\t\tdata-rsp_ch=\"on\"\n\t\t\t\t\t\t\t\tdata-xy=\"x:1px;y:1px;\"\n\t\t\t\t\t\t\t\tdata-text=\"w:normal;\"\n\t\t\t\t\t\t\t\tdata-dim=\"w:1372px;h:588px;\"\n\t\t\t\t\t\t\t\tdata-frame_999=\"o:0;st:w;\"\n\t\t\t\t\t\t\t\tstyle=\"z-index:8;font-family:Roboto;\"\n\t\t\t\t\t\t\t><img src=\"\/\/bewerben.devomanagementag.ch\/wp-content\/uploads\/2018\/03\/IMG_1584.jpg\" width=\"1920\" height=\"823\" data-no-retina> \n\t\t\t\t\t\t\t<\/rs-layer><!--\n-->\t\t\t\t\t\t<\/rs-slide>\n\t\t\t\t\t<\/rs-slides>\n\t\t\t\t\t<rs-progress class=\"rs-bottom\" style=\"visibility: hidden !important;\"><\/rs-progress>\n\t\t\t\t<\/rs-module>\n\t\t\t\t<script type=\"text\/javascript\">\n\t\t\t\t\tsetREVStartSize({c: 'rev_slider_1_1',rl:[1240,1024,778,480],el:[590],gw:[1170],gh:[590],layout:'fullwidth',mh:\"0\"});\n\t\t\t\t\tvar\trevapi1,\n\t\t\t\t\t\ttpj;\n\t\t\t\t\tjQuery(function() {\n\t\t\t\t\t\ttpj = jQuery;\n\t\t\t\t\t\tif(tpj(\"#rev_slider_1_1\").revolution == undefined){\n\t\t\t\t\t\t\trevslider_showDoubleJqueryError(\"#rev_slider_1_1\");\n\t\t\t\t\t\t}else{\n\t\t\t\t\t\t\trevapi1 = tpj(\"#rev_slider_1_1\").show().revolution({\n\t\t\t\t\t\t\t\tsliderType:\"hero\",\n\t\t\t\t\t\t\t\tjsFileLocation:\"\/\/bewerben.devomanagementag.ch\/wp-content\/plugins\/revslider\/public\/assets\/js\/\",\n\t\t\t\t\t\t\t\tvisibilityLevels:\"1240,1024,778,480\",\n\t\t\t\t\t\t\t\tgridwidth:1170,\n\t\t\t\t\t\t\t\tgridheight:590,\n\t\t\t\t\t\t\t\tminHeight:\"\",\n\t\t\t\t\t\t\t\tspinner:\"spinner0\",\n\t\t\t\t\t\t\t\teditorheight:\"590,768,590,540\",\n\t\t\t\t\t\t\t\tresponsiveLevels:\"1240,1024,778,480\",\n\t\t\t\t\t\t\t\tdisableProgressBar:\"on\",\n\t\t\t\t\t\t\t\tnavigation: {\n\t\t\t\t\t\t\t\t\tonHoverStop:false\n\t\t\t\t\t\t\t\t},\n\t\t\t\t\t\t\t\tfallbacks: {\n\t\t\t\t\t\t\t\t\tallowHTML5AutoPlayOnAndroid:true\n\t\t\t\t\t\t\t\t},\n\t\t\t\t\t\t\t});\n\t\t\t\t\t\t}\n\t\t\t\t\t\t\n\t\t\t\t\t});\n\t\t\t\t<\/script>\n\t\t\t\t<script>\n\t\t\t\t\tvar htmlDivCss = unescape(\"%23rev_slider_1_1_wrapper%20%7B%0A%20%20%20%20padding%3A%200%200%2065px%200%3B%0A%7D\");\n\t\t\t\t\tvar htmlDiv = document.getElementById('rs-plugin-settings-inline-css');\n\t\t\t\t\tif(htmlDiv) {\n\t\t\t\t\t\thtmlDiv.innerHTML = htmlDiv.innerHTML + htmlDivCss;\n\t\t\t\t\t}else{\n\t\t\t\t\t\tvar htmlDiv = document.createElement('div');\n\t\t\t\t\t\thtmlDiv.innerHTML = '<style>' + htmlDivCss + '<\/style>';\n\t\t\t\t\t\tdocument.getElementsByTagName('head')[0].appendChild(htmlDiv.childNodes[0]);\n\t\t\t\t\t}\n\t\t\t\t<\/script>\n\t\t\t\t<script>\n\t\t\t\t\tvar htmlDivCss = unescape(\"%23slider-1-slide-1-layer-3%3Ahover%7Bbackground%3Alinear-gradient%28to%20right%2C%23b9d057%200%25%2C%23b9d057%20100%25%29%3B%7D%0A%23slider-1-slide-1-layer-5%3Ahover%7Bbackground%3Alinear-gradient%28to%20right%2C%23b9d057%200%25%2C%23b9d057%20100%25%29%3B%7D%0A\");\n\t\t\t\t\tvar htmlDiv = document.getElementById('rs-plugin-settings-inline-css');\n\t\t\t\t\tif(htmlDiv) {\n\t\t\t\t\t\thtmlDiv.innerHTML = htmlDiv.innerHTML + htmlDivCss;\n\t\t\t\t\t}else{\n\t\t\t\t\t\tvar htmlDiv = document.createElement('div');\n\t\t\t\t\t\thtmlDiv.innerHTML = '<style>' + htmlDivCss + '<\/style>';\n\t\t\t\t\t\tdocument.getElementsByTagName('head')[0].appendChild(htmlDiv.childNodes[0]);\n\t\t\t\t\t}\n\t\t\t\t<\/script>\n\t\t\t<\/rs-module-wrap>\n\t\t\t<!-- END REVOLUTION SLIDER -->\n[\/vc_column_text][\/vc_column][\/vc_row][vc_row][vc_column][vc_empty_space height=&#187;6.8em&#187; hide_on_mobile=&#187;&#187; hide_on_tablet=&#187;&#187;][\/vc_column][\/vc_row][vc_row][vc_column width=&#187;1\/2&#8243;][vc_column_text]<\/p>\n<h5 style=\"color: #0374a6;\">FLEXIbilit\u00e4T &amp; PLANUNG<\/h5>\n<h2>Ressourcen so beauftragen, wie die Planung es erlaubt.<\/h2>\n<p>[\/vc_column_text][\/vc_column][vc_column width=&#187;1\/2&#8243;][vc_empty_space height=&#187;3em&#187; hide_on_mobile=&#187;1&#8243; hide_on_tablet=&#187;&#187;][vc_column_text]<strong>Unsere Kandidaten:<\/strong><br \/>\n<strong>Ehrgeiz, Disziplin und der Blick f\u00fcrs Ganze.<\/strong><\/p>\n<p>Mit DEVO Management AG setzen wir ein selbstbewusstes Statement: Wir glauben daran, dass gute Mitarbeiter auf guten Menschen basieren &#8211; nicht auf Marketingkampagnen und Millionenbudgets.<\/p>\n<p>Der Qualit\u00e4tsanspruch in Rekrutierung und dem Management verpflichtet: Motivation und Verl\u00e4sslichkeit sind f\u00fcr uns mehr als ein Etikett.[\/vc_column_text][\/vc_column][\/vc_row][vc_row][vc_column][vc_empty_space height=&#187;6em&#187; hide_on_mobile=&#187;&#187; hide_on_tablet=&#187;&#187;][\/vc_column][\/vc_row][vc_row scheme=&#187;dark&#187; fullwidth=&#187;1&#8243; css=&#187;.vc_custom_1537247717205{background: #ffffff url(https:\/\/bewerben.devomanagementag.ch\/wp-content\/uploads\/2021\/12\/julia-koblitz-RlOAwXt2fEA-unsplash-scaled.jpg) !important;}&#187; el_class=&#187;bg_position_center&#187;][vc_column][vc_empty_space height=&#187;8em&#187; hide_on_mobile=&#187;1&#8243; hide_on_tablet=&#187;1&#8243;][vc_empty_space height=&#187;5em&#187; hide_on_mobile=&#187;1&#8243; hide_on_tablet=&#187;&#187;]<div id=\"sc_content_1647296584\"\n\t\tclass=\"sc_content sc_content_default\n\t\t\t sc_float_left\t\t\t sc_align_left\t\t\t bg_gradient\t\t\t sc_content_width_1_2\t\t\t sc_padding_small\t\t\t\"\n\t\t><div class=\"sc_content_container\">[vc_empty_space height=&#187;3em&#187; hide_on_mobile=&#187;&#187; hide_on_tablet=&#187;&#187;][vc_column_text]<\/p>\n<h3>Wir vermitteln nicht nur Mitarbeiter, sondern Werte.<\/h3>\n<p>[\/vc_column_text]<div  \n\tclass=\"sc_icons sc_icons_default sc_icons_size_small sc_align_left\"\n\t style=\".vc_custom_1466765305300{margin-top: -1.4em !important;margin-bottom: 2em !important;}\"\t><div class=\"sc_icons_item\"><div class=\"sc_icons_icon sc_icons_icon_type_fontawesome icon-line\"\n\t\t\t\t\t\t style=\"color: #ffffff\"\t\t\t\t\t\t><span class=\"sc_icons_icon_type_fontawesome icon-line\"\n\t\t\t\t\t\t\t style=\"color: #ffffff\"\t\t\t\t\t\t><\/span><\/div><\/div><\/div><!-- \/.sc_icons --><\/div><\/div><!-- \/.sc_content -->[\/vc_column][\/vc_row][vc_row fullwidth=&#187;1&#8243;][vc_column][vc_empty_space height=&#187;7em&#187; hide_on_mobile=&#187;&#187; hide_on_tablet=&#187;&#187;][\/vc_column][\/vc_row][vc_row full_width=&#187;stretch_row&#187; fullwidth=&#187;&#187; css=&#187;.vc_custom_1474881211962{background-color: #f1f6fb !important;}&#187;][vc_column width=&#187;2\/3&#8243;][vc_empty_space height=&#187;6.8em&#187; hide_on_mobile=&#187;&#187; hide_on_tablet=&#187;&#187;][vc_column_text css=&#187;.vc_custom_1537122326952{margin-right: 5% !important;}&#187;]<\/p>\n<h5 style=\"color: #0374a6;\">SPEZIALISIERT AUF MENSCHEN<\/h5>\n<h1>Ein Team, ein Wort.<\/h1>\n<p><strong>Heute angefordert, Morgen im Einsatz.<br \/>\n<\/strong><\/p>\n<p>Unsere Eins\u00e4tze garantieren Schweizer Qualit\u00e4t, Kosten- und Terminsicherheit. Durch die flexible Personalplanung arbeiten wir \u00e4usserst kundenorientiert und anhand Ihren genauen Anforderungen. Das best\u00e4tigen nicht nur unsere namhaften Referenzen.[\/vc_column_text][vc_empty_space height=&#187;4em&#187; hide_on_mobile=&#187;&#187; hide_on_tablet=&#187;&#187;]<div class=\"sc_item_button sc_button_wrap\"><a href=\"http:\/\/devomanagementag.ch\/?page_id=857\"\n\t \n\tclass=\"sc_button sc_button_default sc_button_size_large sc_button_icon_left\"\n\t\t><span class=\"sc_button_text\"><span class=\"sc_button_title\">MEHR<\/span><\/span><!-- \/.sc_button_text --><\/a><!-- \/.sc_button --><\/div><!-- \/.sc_item_button -->[vc_empty_space height=&#187;8.8em&#187; hide_on_mobile=&#187;&#187; hide_on_tablet=&#187;&#187;][\/vc_column][\/vc_row][vc_row full_width=&#187;stretch_row&#187; scheme=&#187;dark&#187; fullwidth=&#187;1&#8243; css=&#187;.vc_custom_1537248027051{background-image: url(https:\/\/bewerben.devomanagementag.ch\/wp-content\/uploads\/2018\/03\/IMG_1512.jpg?id=949) !important;}&#187; el_class=&#187;bg_position_center&#187;][vc_column][vc_empty_space height=&#187;9.3em&#187; hide_on_mobile=&#187;&#187; hide_on_tablet=&#187;&#187;][vc_empty_space height=&#187;11.2em&#187; hide_on_mobile=&#187;&#187; hide_on_tablet=&#187;&#187;][\/vc_column][\/vc_row][vc_row][vc_column width=&#187;1\/2&#8243;][vc_column_text]<\/p>\n<p>[\/vc_column_text][\/vc_column][\/vc_row][vc_row][vc_column][vc_empty_space height=&#187;3em&#187; hide_on_mobile=&#187;&#187; hide_on_tablet=&#187;&#187;][vc_empty_space height=&#187;11em&#187; hide_on_mobile=&#187;&#187; hide_on_tablet=&#187;&#187;][\/vc_column][\/vc_row][vc_row full_width=&#187;stretch_row&#187; fullwidth=&#187;&#187; css=&#187;.vc_custom_1467641241328{background-color: #f1f6fb !important;}&#187;][vc_column width=&#187;1\/3&#8243;][vc_empty_space height=&#187;4.5em&#187; hide_on_mobile=&#187;&#187; hide_on_tablet=&#187;&#187;]<div class=\"sc_testimonials sc_testimonials_default swiper-slider-container slider_swiper slider_no_controls\" data-slides-min-width=\"150\"\t\t>\n\t\t<div class=\"sc_testimonials_slider sc_item_slider slides swiper-wrapper\"><div class=\"swiper-slide\">\t\t\t<div class=\"sc_testimonials_item\">\n\t\t\t\t<div class=\"sc_testimonials_item_content\"><p>Motivieren. Und dennoch stets die Kontrolle behalten.<\/p>\n<\/div>\n\t\t\t\t<div class=\"sc_testimonials_item_author\">\n\t\t\t\t\t\t\t\t\t\t<div class=\"sc_testimonials_item_author_data\">\n\t\t\t\t\t\t<h4 class=\"sc_testimonials_item_author_title\"><\/h4>\n\t\t\t\t\t\t<div class=\"sc_testimonials_item_author_subtitle\"><\/div>\n\t\t\t\t\t<\/div>\n\t\t\t\t<\/div>\n\t\t\t<\/div>\n\t\t\t<\/div><div class=\"swiper-slide\">\t\t\t<div class=\"sc_testimonials_item\">\n\t\t\t\t<div class=\"sc_testimonials_item_content\"><p>Ihr Talent &#8211; unser Management. Eine gute Kombination.<\/p>\n<\/div>\n\t\t\t\t<div class=\"sc_testimonials_item_author\">\n\t\t\t\t\t\t\t\t\t\t<div class=\"sc_testimonials_item_author_data\">\n\t\t\t\t\t\t<h4 class=\"sc_testimonials_item_author_title\"><\/h4>\n\t\t\t\t\t\t<div class=\"sc_testimonials_item_author_subtitle\"><\/div>\n\t\t\t\t\t<\/div>\n\t\t\t\t<\/div>\n\t\t\t<\/div>\n\t\t\t<\/div><div class=\"swiper-slide\">\t\t\t<div class=\"sc_testimonials_item\">\n\t\t\t\t<div class=\"sc_testimonials_item_content\"><p>Gut geplant, wir sind bereit f\u00fcr mehr.<\/p>\n<\/div>\n\t\t\t\t<div class=\"sc_testimonials_item_author\">\n\t\t\t\t\t\t\t\t\t\t<div class=\"sc_testimonials_item_author_data\">\n\t\t\t\t\t\t<h4 class=\"sc_testimonials_item_author_title\">Jorge Adamo<\/h4>\n\t\t\t\t\t\t<div class=\"sc_testimonials_item_author_subtitle\">Bauarbeiter<\/div>\n\t\t\t\t\t<\/div>\n\t\t\t\t<\/div>\n\t\t\t<\/div>\n\t\t\t<\/div><\/div><\/div><!-- \/.sc_testimonials -->[vc_empty_space height=&#187;4em&#187; hide_on_mobile=&#187;1&#8243; hide_on_tablet=&#187;&#187;][vc_empty_space height=&#187;6em&#187; hide_on_mobile=&#187;&#187; hide_on_tablet=&#187;1&#8243;][\/vc_column][vc_column width=&#187;2\/3&#8243; offset=&#187;vc_hidden-xs&#187;][vc_single_image image=&#187;951&#8243; img_size=&#187;full&#187; css=&#187;.vc_custom_1537131193873{margin-top: -6em !important;}&#187;][vc_empty_space height=&#187;6em&#187; hide_on_mobile=&#187;&#187; hide_on_tablet=&#187;1&#8243;][\/vc_column][\/vc_row][vc_row][vc_column][vc_empty_space height=&#187;7.4em&#187; hide_on_mobile=&#187;&#187; hide_on_tablet=&#187;&#187;][vc_column_text]<\/p>\n<h3>Unsere Stellenangebote<\/h3>\n<p>[\/vc_column_text]<div class=\"sc_courses sc_courses_default\" data-slides-per-view=\"3\" data-slides-min-width=\"150\"\t\t>\n\t\t<div class=\"sc_courses_columns sc_item_columns trx_addons_columns_wrap columns_padding_bottom\"><div class=\"trx_addons_column-1_3\"><div class=\"sc_courses_item trx_addons_hover trx_addons_hover_style_links\">\n\t\t\t<div class=\"sc_courses_item_thumb\">\n\t\t\t<img width=\"370\" height=\"231\" src=\"https:\/\/bewerben.devomanagementag.ch\/wp-content\/uploads\/2016\/07\/laptop-3196481_1920-370x231.jpg\" class=\"attachment-hr_advisor-thumb-med size-hr_advisor-thumb-med wp-post-image\" alt=\"\" loading=\"lazy\" srcset=\"https:\/\/bewerben.devomanagementag.ch\/wp-content\/uploads\/2016\/07\/laptop-3196481_1920-370x231.jpg 370w, https:\/\/bewerben.devomanagementag.ch\/wp-content\/uploads\/2016\/07\/laptop-3196481_1920-1170x731.jpg 1170w, https:\/\/bewerben.devomanagementag.ch\/wp-content\/uploads\/2016\/07\/laptop-3196481_1920-770x481.jpg 770w, https:\/\/bewerben.devomanagementag.ch\/wp-content\/uploads\/2016\/07\/laptop-3196481_1920-270x169.jpg 270w\" sizes=\"(max-width: 370px) 100vw, 370px\" \/>\t\t\t<span class=\"sc_courses_item_categories\"><a href=\"https:\/\/bewerben.devomanagementag.ch\/?cpt_courses_group=vorarbeiter\" title=\"View all posts in Kaufmann\/-frau\">Kaufmann\/-frau<\/a><\/span>\n\t\t<\/div>\n\t\t<div class=\"sc_courses_item_info\">\n\t\t<div class=\"sc_courses_item_header\">\n\t\t\t<h4 class=\"sc_courses_item_title\"><\/h4>\n\t\t\t<div class=\"sc_courses_item_date\">Started on 1. January 1970<\/div>\n\t\t<\/div>\n\t\t<div class=\"sc_courses_item_price\">Jetzt bewerben!<\/div>\n\t<\/div>\n\t<div class=\"trx_addons_hover_mask\"><\/div>\n\t<div class=\"trx_addons_hover_content\">\n\t\t<h4 class=\"trx_addons_hover_title\"><\/h4>\n\t\t\t\t\t<div class=\"trx_addons_hover_text\">Zuverl\u00e4ssig und belastbar die Kundenanforderung managen? Dann w\u00fcrden wir Sie gerne kennenlernen.<\/div>\n\t\t\t\t<div class=\"trx_addons_hover_links\">\n\t\t\t<a href=\"https:\/\/bewerben.devomanagementag.ch\/?cpt_courses=improving-resource-management\" class=\"trx_addons_hover_link\">More Info<\/a>\n\t\t\t\t\t<\/div>\n\t<\/div>\n<\/div>\n<\/div><div class=\"trx_addons_column-1_3\"><div class=\"sc_courses_item trx_addons_hover trx_addons_hover_style_links\">\n\t\t\t<div class=\"sc_courses_item_thumb\">\n\t\t\t<img width=\"370\" height=\"231\" src=\"https:\/\/bewerben.devomanagementag.ch\/wp-content\/uploads\/2016\/07\/worker-5736096_1920-370x231.jpg\" class=\"attachment-hr_advisor-thumb-med size-hr_advisor-thumb-med wp-post-image\" alt=\"\" loading=\"lazy\" srcset=\"https:\/\/bewerben.devomanagementag.ch\/wp-content\/uploads\/2016\/07\/worker-5736096_1920-370x231.jpg 370w, https:\/\/bewerben.devomanagementag.ch\/wp-content\/uploads\/2016\/07\/worker-5736096_1920-1170x731.jpg 1170w, https:\/\/bewerben.devomanagementag.ch\/wp-content\/uploads\/2016\/07\/worker-5736096_1920-770x481.jpg 770w, https:\/\/bewerben.devomanagementag.ch\/wp-content\/uploads\/2016\/07\/worker-5736096_1920-270x169.jpg 270w\" sizes=\"(max-width: 370px) 100vw, 370px\" \/>\t\t\t<span class=\"sc_courses_item_categories\"><a href=\"https:\/\/bewerben.devomanagementag.ch\/?cpt_courses_group=maurerschaler\" title=\"View all posts in Betriebsmechaniker\">Betriebsmechaniker<\/a><\/span>\n\t\t<\/div>\n\t\t<div class=\"sc_courses_item_info\">\n\t\t<div class=\"sc_courses_item_header\">\n\t\t\t<h4 class=\"sc_courses_item_title\"><\/h4>\n\t\t\t<div class=\"sc_courses_item_date\">Started on 1. January 1970<\/div>\n\t\t<\/div>\n\t\t<div class=\"sc_courses_item_price\">Jezt bewerben!<\/div>\n\t<\/div>\n\t<div class=\"trx_addons_hover_mask\"><\/div>\n\t<div class=\"trx_addons_hover_content\">\n\t\t<h4 class=\"trx_addons_hover_title\"><\/h4>\n\t\t\t\t\t<div class=\"trx_addons_hover_text\">Sie bringen Wille, Ausdauer, Erfahrung und Zuverl\u00e4ssigkeit? Gerne w\u00fcrden wir Sie kennenlernen.<\/div>\n\t\t\t\t<div class=\"trx_addons_hover_links\">\n\t\t\t<a href=\"https:\/\/bewerben.devomanagementag.ch\/?cpt_courses=team-building-and-team-management\" class=\"trx_addons_hover_link\">More Info<\/a>\n\t\t\t\t\t<\/div>\n\t<\/div>\n<\/div>\n<\/div><div class=\"trx_addons_column-1_3\"><div class=\"sc_courses_item trx_addons_hover trx_addons_hover_style_links\">\n\t\t\t<div class=\"sc_courses_item_thumb\">\n\t\t\t<img width=\"370\" height=\"231\" src=\"https:\/\/bewerben.devomanagementag.ch\/wp-content\/uploads\/2016\/07\/laboratory-2815641_1920-370x231.jpg\" class=\"attachment-hr_advisor-thumb-med size-hr_advisor-thumb-med wp-post-image\" alt=\"\" loading=\"lazy\" srcset=\"https:\/\/bewerben.devomanagementag.ch\/wp-content\/uploads\/2016\/07\/laboratory-2815641_1920-370x231.jpg 370w, https:\/\/bewerben.devomanagementag.ch\/wp-content\/uploads\/2016\/07\/laboratory-2815641_1920-1170x731.jpg 1170w, https:\/\/bewerben.devomanagementag.ch\/wp-content\/uploads\/2016\/07\/laboratory-2815641_1920-770x481.jpg 770w, https:\/\/bewerben.devomanagementag.ch\/wp-content\/uploads\/2016\/07\/laboratory-2815641_1920-270x169.jpg 270w\" sizes=\"(max-width: 370px) 100vw, 370px\" \/>\t\t\t<span class=\"sc_courses_item_categories\"><a href=\"https:\/\/bewerben.devomanagementag.ch\/?cpt_courses_group=bauarbeiter\" title=\"View all posts in Chemikant-\/in\">Chemikant-\/in<\/a><\/span>\n\t\t<\/div>\n\t\t<div class=\"sc_courses_item_info\">\n\t\t<div class=\"sc_courses_item_header\">\n\t\t\t<h4 class=\"sc_courses_item_title\"><\/h4>\n\t\t\t<div class=\"sc_courses_item_date\">Started on 1. January 1970<\/div>\n\t\t<\/div>\n\t\t<div class=\"sc_courses_item_price\">Jetzt bewerben!<\/div>\n\t<\/div>\n\t<div class=\"trx_addons_hover_mask\"><\/div>\n\t<div class=\"trx_addons_hover_content\">\n\t\t<h4 class=\"trx_addons_hover_title\"><\/h4>\n\t\t\t\t\t<div class=\"trx_addons_hover_text\">Sie bringen Wille, Ausdauer, Erfahrung und Zuverl\u00e4ssigkeit? Gerne w\u00fcrden wir Sie kennenlernen.<\/div>\n\t\t\t\t<div class=\"trx_addons_hover_links\">\n\t\t\t<a href=\"https:\/\/bewerben.devomanagementag.ch\/?cpt_courses=operational-management-and-strategic-planning\" class=\"trx_addons_hover_link\">More Info<\/a>\n\t\t\t\t\t<\/div>\n\t<\/div>\n<\/div>\n<\/div><\/div><\/div><!-- \/.sc_courses -->[vc_empty_space height=&#187;8.7em&#187; hide_on_mobile=&#187;&#187; hide_on_tablet=&#187;&#187;][\/vc_column][\/vc_row]<\/p>\n","protected":false},"excerpt":{"rendered":"<p>[vc_row full_width=&#187;stretch_row&#187; fullwidth=&#187;&#187; el_class=&#187;bg_gradient&#187; css=&#187;.vc_custom_1537121309164{background-color: #ffffff !important;}&#187;][vc_column][vc_column_text][\/vc_column_text][\/vc_column][\/vc_row][vc_row][vc_column][vc_empty_space height=&#187;6.8em&#187; hide_on_mobile=&#187;&#187; hide_on_tablet=&#187;&#187;][\/vc_column][\/vc_row][vc_row][vc_column width=&#187;1\/2&#8243;][vc_column_text] FLEXIbilit\u00e4T &amp; PLANUNG Ressourcen so beauftragen, wie die Planung es erlaubt. [\/vc_column_text][\/vc_column][vc_column width=&#187;1\/2&#8243;][vc_empty_space height=&#187;3em&#187; hide_on_mobile=&#187;1&#8243; hide_on_tablet=&#187;&#187;][vc_column_text]Unsere Kandidaten: Ehrgeiz, Disziplin und der Blick f\u00fcrs Ganze. Mit DEVO Management AG setzen wir ein selbstbewusstes Statement: Wir glauben daran, dass gute Mitarbeiter auf guten Menschen basieren &#8211; nicht auf Marketingkampagnen und Millionenbudgets.&hellip;<\/p>\n","protected":false},"author":1,"featured_media":0,"parent":0,"menu_order":0,"comment_status":"closed","ping_status":"closed","template":"","meta":[],"_links":{"self":[{"href":"https:\/\/bewerben.devomanagementag.ch\/index.php?rest_route=\/wp\/v2\/pages\/354"}],"collection":[{"href":"https:\/\/bewerben.devomanagementag.ch\/index.php?rest_route=\/wp\/v2\/pages"}],"about":[{"href":"https:\/\/bewerben.devomanagementag.ch\/index.php?rest_route=\/wp\/v2\/types\/page"}],"author":[{"embeddable":true,"href":"https:\/\/bewerben.devomanagementag.ch\/index.php?rest_route=\/wp\/v2\/users\/1"}],"replies":[{"embeddable":true,"href":"https:\/\/bewerben.devomanagementag.ch\/index.php?rest_route=%2Fwp%2Fv2%2Fcomments&post=354"}],"version-history":[{"count":72,"href":"https:\/\/bewerben.devomanagementag.ch\/index.php?rest_route=\/wp\/v2\/pages\/354\/revisions"}],"predecessor-version":[{"id":1230,"href":"https:\/\/bewerben.devomanagementag.ch\/index.php?rest_route=\/wp\/v2\/pages\/354\/revisions\/1230"}],"wp:attachment":[{"href":"https:\/\/bewerben.devomanagementag.ch\/index.php?rest_route=%2Fwp%2Fv2%2Fmedia&parent=354"}],"curies":[{"name":"wp","href":"https:\/\/api.w.org\/{rel}","templated":true}]}}